{"id":1388,"date":"2024-06-25T13:55:49","date_gmt":"2024-06-25T13:55:49","guid":{"rendered":"https:\/\/ilhabelabirdwatching.com.br\/gallery\/"},"modified":"2024-06-25T13:55:49","modified_gmt":"2024-06-25T13:55:49","slug":"gallery","status":"publish","type":"page","link":"https:\/\/ilhabelabirdwatching.com.br\/en\/gallery\/","title":{"rendered":"Gallery"},"content":{"rendered":"<p>[et_pb_section fb_built=&#8221;1&#8243; custom_padding_last_edited=&#8221;on|phone&#8221; _builder_version=&#8221;4.25.2&#8243; _module_preset=&#8221;default&#8221; background_color=&#8221;#fff9f0&#8243; custom_padding=&#8221;75px||75px||true|false&#8221; custom_padding_tablet=&#8221;||75px|||&#8221; custom_padding_phone=&#8221;||50px||false|false&#8221; top_divider_color=&#8221;#01adda&#8221; hover_enabled=&#8221;0&#8243; global_colors_info=&#8221;{}&#8221; sticky_enabled=&#8221;0&#8243;][et_pb_row _builder_version=&#8221;4.25.2&#8243; _module_preset=&#8221;default&#8221; hover_enabled=&#8221;0&#8243; locked=&#8221;off&#8221; global_colors_info=&#8221;{}&#8221; custom_padding=&#8221;0px||0px||false|false&#8221; sticky_enabled=&#8221;0&#8243;][et_pb_column type=&#8221;4_4&#8243; _builder_version=&#8221;4.25.2&#8243; _module_preset=&#8221;default&#8221; global_colors_info=&#8221;{}&#8221;][et_pb_text _builder_version=&#8221;4.25.2&#8243; _module_preset=&#8221;default&#8221; text_font=&#8221;Montserrat||||||||&#8221; text_font_size=&#8221;16px&#8221; text_line_height=&#8221;1.8em&#8221; header_font=&#8221;Montserrat|700|||||||&#8221; header_text_color=&#8221;#000000&#8243; header_font_size=&#8221;60px&#8221; text_orientation=&#8221;center&#8221; module_alignment=&#8221;center&#8221; header_font_size_tablet=&#8221;60px&#8221; header_font_size_phone=&#8221;35px&#8221; header_font_size_last_edited=&#8221;on|phone&#8221; border_color_bottom=&#8221;#fd8713&#8243; global_colors_info=&#8221;{}&#8221;]<\/p>\n<h1>Gallery<\/h1>\n<p>[\/et_pb_text][et_pb_divider color=&#8221;#fd8713&#8243; divider_weight=&#8221;4px&#8221; _builder_version=&#8221;4.25.2&#8243; _module_preset=&#8221;default&#8221; width=&#8221;40%&#8221; module_alignment=&#8221;center&#8221; global_colors_info=&#8221;{}&#8221;][\/et_pb_divider][et_pb_text _builder_version=&#8221;4.25.2&#8243; _module_preset=&#8221;default&#8221; text_font=&#8221;Montserrat||||||||&#8221; text_font_size=&#8221;16px&#8221; text_line_height=&#8221;1.8em&#8221; header_font=&#8221;Montserrat|700|||||||&#8221; header_text_color=&#8221;#000000&#8243; header_font_size=&#8221;60px&#8221; text_orientation=&#8221;center&#8221; hover_enabled=&#8221;0&#8243; header_font_size_tablet=&#8221;60px&#8221; header_font_size_phone=&#8221;35px&#8221; header_font_size_last_edited=&#8221;on|phone&#8221; global_colors_info=&#8221;{}&#8221; custom_padding=&#8221;||0px||false|false&#8221; sticky_enabled=&#8221;0&#8243;]<\/p>\n<p>Explore the winged beauty of Ilhabela through images and videos! Journey through the enchanting world of birds with stunning photos and videos captured in Ilhabela. From majestic scenes to intimate moments of bird life, each image and video celebrates the diversity and magic of the local avifauna. Immerse yourself in this captivating visual collection that will transport you into a realm of colors and nature&#8217;s melodies. Come discover and be enchanted by the avian wonders of Ilhabela!<\/p>\n<p>[\/et_pb_text][\/et_pb_column][\/et_pb_row][\/et_pb_section][et_pb_section fb_built=&#8221;1&#8243; _builder_version=&#8221;4.25.2&#8243; _module_preset=&#8221;default&#8221; background_color=&#8221;#0b2311&#8243; custom_margin=&#8221;0px||0px||true|false&#8221; custom_padding=&#8221;0px||0px||true|false&#8221; top_divider_style=&#8221;wave2&#8243; top_divider_color=&#8221;#fff9f0&#8243; top_divider_height=&#8221;165px&#8221; top_divider_style_last_edited=&#8221;off|phone&#8221; top_divider_height_tablet=&#8221;150px&#8221; top_divider_height_phone=&#8221;40px&#8221; top_divider_height_last_edited=&#8221;on|phone&#8221; bottom_divider_height=&#8221;0px&#8221; global_colors_info=&#8221;{}&#8221;][et_pb_row _builder_version=&#8221;4.25.2&#8243; _module_preset=&#8221;default&#8221; width=&#8221;90%&#8221; max_width=&#8221;2560px&#8221; custom_margin=&#8221;0px||0px||true|false&#8221; custom_padding=&#8221;0px||0px||true|false&#8221; global_colors_info=&#8221;{}&#8221;][et_pb_column type=&#8221;4_4&#8243; _builder_version=&#8221;4.25.2&#8243; _module_preset=&#8221;default&#8221; global_colors_info=&#8221;{}&#8221;][dsm_filterable_gallery gallery_ids=&#8221;402,586,587,588,590,591,594,598,599,597,596,595,593,592,589,406,421,390,346,363&#8243; dsm_image_sizes=&#8221;et-pb-post-main-image-fullwidth-large&#8221; dsm_show_filterable_gallery=&#8221;off&#8221; dsm_use_lightbox=&#8221;on&#8221; dsm_show_description_lightbox=&#8221;on&#8221; dsm_card_bg_color=&#8221;RGBA(255,255,255,0)&#8221; dsm_card_padding=&#8221;0px||0px|0px|true|false&#8221; dsm_number_of_columns_tablet=&#8221;&#8221; dsm_number_of_columns_phone=&#8221;2&#8243; dsm_number_of_columns_last_edited=&#8221;on|phone&#8221; _builder_version=&#8221;4.25.2&#8243; _module_preset=&#8221;default&#8221; border_radii_dsm_card_border=&#8221;on|15px|15px|15px|15px&#8221; global_colors_info=&#8221;{}&#8221;][\/dsm_filterable_gallery][\/et_pb_column][\/et_pb_row][\/et_pb_section]<\/p>\n","protected":false},"excerpt":{"rendered":"<p>GalleryExplore the winged beauty of Ilhabela through images and videos! Journey through the enchanting world of birds with stunning photos and videos captured in Ilhabela. From majestic scenes to intimate moments of bird life, each image and video celebrates the diversity and magic of the local avifauna. Immerse yourself in this captivating visual collection that [&hellip;]<\/p>\n","protected":false},"author":1,"featured_media":0,"parent":0,"menu_order":0,"comment_status":"closed","ping_status":"closed","template":"","meta":{"_et_pb_use_builder":"on","_et_pb_old_content":"","_et_gb_content_width":"","footnotes":""},"class_list":["post-1388","page","type-page","status-publish","hentry"],"yoast_head":"<!-- This site is optimized with the Yoast SEO plugin v27.2 - https:\/\/yoast.com\/product\/yoast-seo-wordpress\/ -->\n<title>Gallery - Ilhabela Birdwatching<\/title>\n<meta name=\"robots\" content=\"index, follow, max-snippet:-1, max-image-preview:large, max-video-preview:-1\" \/>\n<link rel=\"canonical\" href=\"https:\/\/ilhabelabirdwatching.com.br\/gallery\/\" \/>\n<meta property=\"og:locale\" content=\"en_US\" \/>\n<meta property=\"og:type\" content=\"article\" \/>\n<meta property=\"og:title\" content=\"Gallery - Ilhabela Birdwatching\" \/>\n<meta property=\"og:description\" content=\"GalleryExplore the winged beauty of Ilhabela through images and videos! Journey through the enchanting world of birds with stunning photos and videos captured in Ilhabela. From majestic scenes to intimate moments of bird life, each image and video celebrates the diversity and magic of the local avifauna. Immerse yourself in this captivating visual collection that [&hellip;]\" \/>\n<meta property=\"og:url\" content=\"https:\/\/ilhabelabirdwatching.com.br\/gallery\/\" \/>\n<meta property=\"og:site_name\" content=\"Ilhabela Birdwatching\" \/>\n<meta name=\"twitter:card\" content=\"summary_large_image\" \/>\n<meta name=\"twitter:label1\" content=\"Est. reading time\" \/>\n\t<meta name=\"twitter:data1\" content=\"3 minutes\" \/>\n<script type=\"application\/ld+json\" class=\"yoast-schema-graph\">{\"@context\":\"https:\/\/schema.org\",\"@graph\":[{\"@type\":\"WebPage\",\"@id\":\"https:\/\/ilhabelabirdwatching.com.br\/gallery\/\",\"url\":\"https:\/\/ilhabelabirdwatching.com.br\/gallery\/\",\"name\":\"Gallery - Ilhabela Birdwatching\",\"isPartOf\":{\"@id\":\"https:\/\/ilhabelabirdwatching.com.br\/#website\"},\"datePublished\":\"2024-06-25T13:55:49+00:00\",\"breadcrumb\":{\"@id\":\"https:\/\/ilhabelabirdwatching.com.br\/gallery\/#breadcrumb\"},\"inLanguage\":\"en-US\",\"potentialAction\":[{\"@type\":\"ReadAction\",\"target\":[\"https:\/\/ilhabelabirdwatching.com.br\/gallery\/\"]}]},{\"@type\":\"BreadcrumbList\",\"@id\":\"https:\/\/ilhabelabirdwatching.com.br\/gallery\/#breadcrumb\",\"itemListElement\":[{\"@type\":\"ListItem\",\"position\":1,\"name\":\"In\u00edcio\",\"item\":\"https:\/\/ilhabelabirdwatching.com.br\/en\/\"},{\"@type\":\"ListItem\",\"position\":2,\"name\":\"Gallery\"}]},{\"@type\":\"WebSite\",\"@id\":\"https:\/\/ilhabelabirdwatching.com.br\/#website\",\"url\":\"https:\/\/ilhabelabirdwatching.com.br\/\",\"name\":\"Ilhabela Birdwatching\",\"description\":\"Embarque em uma jornada inesquec\u00edvel de observa\u00e7\u00e3o de aves em Ilhabela, o tesouro escondido do Litoral Norte de S\u00e3o Paulo.\",\"potentialAction\":[{\"@type\":\"SearchAction\",\"target\":{\"@type\":\"EntryPoint\",\"urlTemplate\":\"https:\/\/ilhabelabirdwatching.com.br\/?s={search_term_string}\"},\"query-input\":{\"@type\":\"PropertyValueSpecification\",\"valueRequired\":true,\"valueName\":\"search_term_string\"}}],\"inLanguage\":\"en-US\"}]}<\/script>\n<!-- \/ Yoast SEO plugin. -->","yoast_head_json":{"title":"Gallery - Ilhabela Birdwatching","robots":{"index":"index","follow":"follow","max-snippet":"max-snippet:-1","max-image-preview":"max-image-preview:large","max-video-preview":"max-video-preview:-1"},"canonical":"https:\/\/ilhabelabirdwatching.com.br\/gallery\/","og_locale":"en_US","og_type":"article","og_title":"Gallery - Ilhabela Birdwatching","og_description":"GalleryExplore the winged beauty of Ilhabela through images and videos! Journey through the enchanting world of birds with stunning photos and videos captured in Ilhabela. From majestic scenes to intimate moments of bird life, each image and video celebrates the diversity and magic of the local avifauna. Immerse yourself in this captivating visual collection that [&hellip;]","og_url":"https:\/\/ilhabelabirdwatching.com.br\/gallery\/","og_site_name":"Ilhabela Birdwatching","twitter_card":"summary_large_image","twitter_misc":{"Est. reading time":"3 minutes"},"schema":{"@context":"https:\/\/schema.org","@graph":[{"@type":"WebPage","@id":"https:\/\/ilhabelabirdwatching.com.br\/gallery\/","url":"https:\/\/ilhabelabirdwatching.com.br\/gallery\/","name":"Gallery - Ilhabela Birdwatching","isPartOf":{"@id":"https:\/\/ilhabelabirdwatching.com.br\/#website"},"datePublished":"2024-06-25T13:55:49+00:00","breadcrumb":{"@id":"https:\/\/ilhabelabirdwatching.com.br\/gallery\/#breadcrumb"},"inLanguage":"en-US","potentialAction":[{"@type":"ReadAction","target":["https:\/\/ilhabelabirdwatching.com.br\/gallery\/"]}]},{"@type":"BreadcrumbList","@id":"https:\/\/ilhabelabirdwatching.com.br\/gallery\/#breadcrumb","itemListElement":[{"@type":"ListItem","position":1,"name":"In\u00edcio","item":"https:\/\/ilhabelabirdwatching.com.br\/en\/"},{"@type":"ListItem","position":2,"name":"Gallery"}]},{"@type":"WebSite","@id":"https:\/\/ilhabelabirdwatching.com.br\/#website","url":"https:\/\/ilhabelabirdwatching.com.br\/","name":"Ilhabela Birdwatching","description":"Embarque em uma jornada inesquec\u00edvel de observa\u00e7\u00e3o de aves em Ilhabela, o tesouro escondido do Litoral Norte de S\u00e3o Paulo.","potentialAction":[{"@type":"SearchAction","target":{"@type":"EntryPoint","urlTemplate":"https:\/\/ilhabelabirdwatching.com.br\/?s={search_term_string}"},"query-input":{"@type":"PropertyValueSpecification","valueRequired":true,"valueName":"search_term_string"}}],"inLanguage":"en-US"}]}},"_links":{"self":[{"href":"https:\/\/ilhabelabirdwatching.com.br\/en\/wp-json\/wp\/v2\/pages\/1388","targetHints":{"allow":["GET"]}}],"collection":[{"href":"https:\/\/ilhabelabirdwatching.com.br\/en\/wp-json\/wp\/v2\/pages"}],"about":[{"href":"https:\/\/ilhabelabirdwatching.com.br\/en\/wp-json\/wp\/v2\/types\/page"}],"author":[{"embeddable":true,"href":"https:\/\/ilhabelabirdwatching.com.br\/en\/wp-json\/wp\/v2\/users\/1"}],"replies":[{"embeddable":true,"href":"https:\/\/ilhabelabirdwatching.com.br\/en\/wp-json\/wp\/v2\/comments?post=1388"}],"version-history":[{"count":0,"href":"https:\/\/ilhabelabirdwatching.com.br\/en\/wp-json\/wp\/v2\/pages\/1388\/revisions"}],"wp:attachment":[{"href":"https:\/\/ilhabelabirdwatching.com.br\/en\/wp-json\/wp\/v2\/media?parent=1388"}],"curies":[{"name":"wp","href":"https:\/\/api.w.org\/{rel}","templated":true}]}}